{"id":16,"date":"2012-06-15T01:46:20","date_gmt":"2012-06-15T01:46:20","guid":{"rendered":"http:\/\/bdockcrew.com\/cavanwp\/?page_id=16"},"modified":"2017-08-22T15:29:25","modified_gmt":"2017-08-22T15:29:25","slug":"conditions-dutilisations","status":"publish","type":"page","link":"https:\/\/cavanagh.ca\/fr\/conditions-dutilisations\/","title":{"rendered":"Conditions d\u2019utilisation"},"content":{"rendered":"<div id=\"lipsum\">\n<p>Important Notice to Users<\/p>\n<p>By visiting and using this Website, the user accepts the following conditions. These conditions may be amended or revised from time to time and without notice.<\/p>\n<p>1. No attorney-client relationship:<\/p>\n<p>Visiting this Website and \/ or sending emails firm Cavanagh LLP (or any staff member or representative office) through this website or any email address in this web site are designed not create and do not create an attorney-client relationship. One advises the user of this website to follow the legal advice tailored to its particular circumstances and provided by the lawyer he or she has chosen. In order to hire a lawyer or lawyer&#8217;s office, the user is asked to contact the office to see if we are able to be of service.<\/p>\n<p>2. No assurance is given with respect to the security and confidentiality of communications:<\/p>\n<p>We are not able to give any assurance with respect to the security and confidentiality of communications sent through this website or sent to any email address on this web site.<\/p>\n<p>3. The information presented in any way constitute advice or a legal opinion:<\/p>\n<p>The information in this website is for information purposes only and, therefore, are in no way advice or legal opinion on any legal question. Although we have made the necessary efforts in the preparation and drafting of the information presented, we are not able to guarantee the quality or accuracy or completeness. You should act or refrain from acting because of the information provided on this Website and \/ or any information gleaned on another Web site from a hyperlink provided in these pages, without first consulting a lawyer .<\/p>\n<p>4. Hyperlinks are presented for information purposes only:<\/p>\n<p>Hyperlinks on this web site is for information purposes only. We do not endorse either expressly or implicitly the information presented in any website and gleaned from a hyperlink presented on these pages.<\/p>\n<p>&nbsp;<\/p>\n<p><strong>EXEN\u00c9RATION DE GARANTIE :<br \/>\n<\/strong><\/p>\n<p><span lang=\"FR-CA\">Le site Web et le contenu sont fournis \u00ab\u00a0tels quels\u00a0\u00bb et \u00ab\u00a0selon les disponibilit\u00e9s\u00a0\u00bb, sans garantie ou condition de quelque nature que ce soit, implicites ou explicites. Dans la pleine mesure permise par la loi applicable, Cavanagh\u00a0d\u00e9cline toute responsabilit\u00e9 \u00e0 l\u2019\u00e9gard de quelque garantie ou condition que ce soit, y compris toute garantie implicite de qualit\u00e9 marchande, d\u2019adaptation \u00e0 un usage particulier, de titre de propri\u00e9t\u00e9, de jouissance paisible ou d\u2019absence de contrefa\u00e7on relativement au site Web et \u00e0 son contenu. Bien que Cavanagh\u00a0tente d&#8217;assurer l&#8217;exactitude, l&#8217;actualit\u00e9 et l&#8217;int\u00e9gralit\u00e9 du contenu, elle ne peut donner aucune garantie \u00e0 l&#8217;\u00e9gard du site Web ou du contenu, y compris quant \u00e0 toute d\u00e9claration ou garantie relative i) \u00e0 l&#8217;exactitude, \u00e0 la fiabilit\u00e9, \u00e0 l&#8217;int\u00e9gralit\u00e9, \u00e0 l&#8217;actualit\u00e9, \u00e0 l&#8217;opportunit\u00e9 ou \u00e0 l\u2019adaptation \u00e0 un usage particulier du site Web ou du contenu; ii) au fait que l&#8217;exploitation du site Web se fera sans aucune interruption de service ou erreur; iii) au fait que les d\u00e9fauts ou erreurs dans le site Web ou le contenu seront corrig\u00e9s; iv) au fait que le site Web sera exempt de virus, de logiciels malveillants, de vers informatiques ou d\u2019autres composants nuisibles; et v) au fait que les communications qui transitent par le site Web seront s\u00e9curitaires ou ne seront pas intercept\u00e9es. L&#8217;utilisateur reconna\u00eet que l&#8217;utilisation du site Web et du contenu, selon le cas, se fait \u00e0 ses propres risques et en accepte la responsabilit\u00e9.<\/span><\/p>\n<p>&nbsp;<\/p>\n<\/div>\n","protected":false},"excerpt":{"rendered":"<p>Important Notice to Users By visiting and using this Website, the user accepts the following conditions. These conditions may be amended or revised from time to time and without notice. 1. No attorney-client relationship: Visiting this Website and \/ or sending emails firm Cavanagh LLP (or any staff member or representative office) through this website or any email address in<\/p>\n","protected":false},"author":2,"featured_media":0,"parent":0,"menu_order":0,"comment_status":"closed","ping_status":"closed","template":"","meta":{"_monsterinsights_skip_tracking":false,"_monsterinsights_sitenote_active":false,"_monsterinsights_sitenote_note":"","_monsterinsights_sitenote_category":0,"footnotes":""},"class_list":["post-16","page","type-page","status-publish","hentry"],"aioseo_notices":[],"_links":{"self":[{"href":"https:\/\/cavanagh.ca\/fr\/wp-json\/wp\/v2\/pages\/16","targetHints":{"allow":["GET"]}}],"collection":[{"href":"https:\/\/cavanagh.ca\/fr\/wp-json\/wp\/v2\/pages"}],"about":[{"href":"https:\/\/cavanagh.ca\/fr\/wp-json\/wp\/v2\/types\/page"}],"author":[{"embeddable":true,"href":"https:\/\/cavanagh.ca\/fr\/wp-json\/wp\/v2\/users\/2"}],"replies":[{"embeddable":true,"href":"https:\/\/cavanagh.ca\/fr\/wp-json\/wp\/v2\/comments?post=16"}],"version-history":[{"count":16,"href":"https:\/\/cavanagh.ca\/fr\/wp-json\/wp\/v2\/pages\/16\/revisions"}],"predecessor-version":[{"id":1268,"href":"https:\/\/cavanagh.ca\/fr\/wp-json\/wp\/v2\/pages\/16\/revisions\/1268"}],"wp:attachment":[{"href":"https:\/\/cavanagh.ca\/fr\/wp-json\/wp\/v2\/media?parent=16"}],"curies":[{"name":"wp","href":"https:\/\/api.w.org\/{rel}","templated":true}]}}