{"id":202,"date":"2012-06-19T08:45:58","date_gmt":"2012-06-19T08:45:58","guid":{"rendered":"http:\/\/bdockcrew.com\/cavanwp\/?page_id=202"},"modified":"2018-08-21T14:38:12","modified_gmt":"2018-08-21T14:38:12","slug":"nos-etudiants","status":"publish","type":"page","link":"https:\/\/cavanagh.ca\/fr\/nos-etudiants\/","title":{"rendered":"Nos \u00e9tudiants"},"content":{"rendered":"<p>Une culture exceptionnelle s\u2019est \u00e9tablie chez Cavanagh, un cabinet convivial, stimulant et dynamique o\u00f9 il fait bon travailler. Nos \u00e9tudiants nous disent aimer travailler chez nous en raison de la nature et de la qualit\u00e9 de notre travail, de notre excellente r\u00e9putation dans la collectivit\u00e9 et de notre culture d\u00e9contract\u00e9e.<\/p>\n<p>D\u00e8s le d\u00e9part, \u00e9tudiants et collaborateurs re\u00e7oivent chez Cavanagh des missions stimulantes et de nombreuses opportunit\u00e9s de fa\u00e7onner leur parcours professionnel ainsi que leur exp\u00e9rience. Nous offrons aux \u00e9tudiants la possibilit\u00e9 de se sentir \u00e0 leur place dans la pratique du droit gr\u00e2ce \u00e0 une exp\u00e9rience\u00a0 concr\u00e8te, marqu\u00e9e par des rencontres avec les clients et la participation aux proc\u00e9dures. Nous avons adopt\u00e9 la politique de la porte ouverte\u00a0: \u00e0 titre d\u2019\u00e9tudiant, vous devenez membre \u00e0 part enti\u00e8re de notre cabinet. Nous encourageons les \u00e9tudiants \u00e0 participer \u00e0 toutes les activit\u00e9s de notre pratique et \u00e0 prendre leurs dossiers en main. Nous cherchons des candidats motiv\u00e9s, d\u00e9brouillards, pr\u00eats \u00e0 apprendre et affichant un sens aigu des responsabilit\u00e9s envers le cabinet et envers nos clients.<\/p>\n<p>Chaque \u00e9tudiant est plac\u00e9 sous la supervision d\u2019un mentor d\u00e8s le d\u00e9but de leur stage. Cette personne les aide \u00e0 g\u00e9rer leur charge de travail, leur assure une exp\u00e9rience de travail compl\u00e8te et r\u00e9pond \u00e0 toutes leurs questions, qu\u2019elles soient d\u2019ordre professionnel ou personnel.<\/p>\n<p>Aux stagiaires d\u2019\u00e9t\u00e9, auxquels cette courte p\u00e9riode ne permet pas de travailler dans tous les aspects de notre pratique,\u00a0ils seront expos\u00e9s \u00e0 divers types de proc\u00e9dures contentieuses. Mais surtout, ces \u00e9tudiants c\u00f4toient, dans un cabinet r\u00e9put\u00e9, des professionnels de haut niveau qui leur proposent une exp\u00e9rience inestimable. \u00c9tant conscients que certains de ces stagiaires repr\u00e9sentent l\u2019avenir de notre cabinet, nous les prenons au s\u00e9rieux et les faisons participer directement \u00e0 nos dossiers et \u00e0 intervenir aupr\u00e8s de nos clients.<\/p>\n<p>Pour poser votre candidature, veuillez contacter Rachel Robert, notre gestionnaire\u00a0: <a href=\"mailto:careers@cavanagh.ca\">careers@cavanagh.ca<\/a><\/p>\n<p>Notre directrice des stages est Susanne Sviergula, qui peut \u00eatre rejointe \u00e0 <a href=\"mailto:ssviergula@cavanagh.ca\">ssviergula@cavanagh.ca<\/a> ou au 613-780-2009.<\/p>\n","protected":false},"excerpt":{"rendered":"<p>Une culture exceptionnelle s\u2019est \u00e9tablie chez Cavanagh, un cabinet convivial, stimulant et dynamique o\u00f9 il fait bon travailler. Nos \u00e9tudiants nous disent aimer travailler chez nous en raison de la nature et de la qualit\u00e9 de notre travail, de notre excellente r\u00e9putation dans la collectivit\u00e9 et de notre culture d\u00e9contract\u00e9e. D\u00e8s le d\u00e9part, \u00e9tudiants et collaborateurs re\u00e7oivent chez Cavanagh des<\/p>\n","protected":false},"author":2,"featured_media":0,"parent":0,"menu_order":0,"comment_status":"closed","ping_status":"closed","template":"","meta":{"_monsterinsights_skip_tracking":false,"_monsterinsights_sitenote_active":false,"_monsterinsights_sitenote_note":"","_monsterinsights_sitenote_category":0,"footnotes":""},"class_list":["post-202","page","type-page","status-publish","hentry"],"aioseo_notices":[],"_links":{"self":[{"href":"https:\/\/cavanagh.ca\/fr\/wp-json\/wp\/v2\/pages\/202","targetHints":{"allow":["GET"]}}],"collection":[{"href":"https:\/\/cavanagh.ca\/fr\/wp-json\/wp\/v2\/pages"}],"about":[{"href":"https:\/\/cavanagh.ca\/fr\/wp-json\/wp\/v2\/types\/page"}],"author":[{"embeddable":true,"href":"https:\/\/cavanagh.ca\/fr\/wp-json\/wp\/v2\/users\/2"}],"replies":[{"embeddable":true,"href":"https:\/\/cavanagh.ca\/fr\/wp-json\/wp\/v2\/comments?post=202"}],"version-history":[{"count":30,"href":"https:\/\/cavanagh.ca\/fr\/wp-json\/wp\/v2\/pages\/202\/revisions"}],"predecessor-version":[{"id":1274,"href":"https:\/\/cavanagh.ca\/fr\/wp-json\/wp\/v2\/pages\/202\/revisions\/1274"}],"wp:attachment":[{"href":"https:\/\/cavanagh.ca\/fr\/wp-json\/wp\/v2\/media?parent=202"}],"curies":[{"name":"wp","href":"https:\/\/api.w.org\/{rel}","templated":true}]}}