{"id":22,"date":"2012-06-15T01:47:08","date_gmt":"2012-06-15T01:47:08","guid":{"rendered":"http:\/\/bdockcrew.com\/cavanwp\/?page_id=22"},"modified":"2017-05-26T15:24:19","modified_gmt":"2017-05-26T15:24:19","slug":"notre-cabinet","status":"publish","type":"page","link":"https:\/\/cavanagh.ca\/fr\/notre-cabinet\/","title":{"rendered":"Notre cabinet"},"content":{"rendered":"<p>Notre vaste exp\u00e9rience et notre imposante expertise nous permettent de traiter les contentieux civils les plus \u00e9labor\u00e9s et les plus complexes. Nous sommes des sp\u00e9cialistes en plaidoirie, mais avant tout en r\u00e9solution de probl\u00e8mes. Nous avons \u00e9t\u00e9 salu\u00e9s par nombre de nos pairs et clients pour notre professionnalisme, notre bon jugement et l\u2019excellence de nos plaidoyers. Nous sommes des leaders reconnus des proc\u00e9dures de litige.<\/p>\n<p>F\u00e9licitations \u00e0 la juge Heather J. Williams en l&#8217;honneur de sa nomination \u00e0 la Cour sup\u00e9rieure de l&#8217;Ontario!<\/p>\n<p>L\u2019\u00e9quipe Cavanagh compte\u00a0:<\/p>\n<ul>\n<li>un membre de l\u2019<em>American College of Trial Lawyers<\/em><\/li>\n<li>un anciens pr\u00e9sident de l\u2019Association du Barreau du Comt\u00e9 de Carleton (ABCC)<\/li>\n<li>le co-pr\u00e9sident du comit\u00e9 d\u2019enseignement de l\u2019ABCC et de son congr\u00e8s annuel sur le contentieux civil<\/li>\n<\/ul>\n<p>D\u2019autres avocats se tournent vers notre \u00e9quipe juridique pour obtenir des conseils sur la pratique du droit.<\/p>\n<p>Le format intime de notre cabinet nous permet d\u2019\u00eatre r\u00e9actifs et disponibles, de pouvoir offrir des services abordables et de tirer le maximum des outils technologiques.<\/p>\n<p>Voici nos priorit\u00e9s :<\/p>\n<p><strong>Relations avec les clients<\/strong><br \/>\nNous contr\u00f4lons continuellement les co\u00fbts de proc\u00e9dure et les incertitudes afin de r\u00e9duire les impr\u00e9vus au minimum. Nous \u00e9laborons nos budgets par des techniques raffin\u00e9es, comme la planification du chemin critique et la facturation fond\u00e9e sur les gestes. Nous avons d\u00e9velopp\u00e9 avec nos clients des relations fond\u00e9es sur le respect et notre engagement \u00e0 offrir une bonne valeur pour les frais demand\u00e9s.<\/p>\n<p><strong>Engagement dans la collectivit\u00e9<\/strong><br \/>\nNous sommes profond\u00e9ment engag\u00e9s envers la collectivit\u00e9. Chacun de nos avocats, y compris les plus comp\u00e9tents au sein de notre \u00e9quipe de collaborateurs, fournit des services b\u00e9n\u00e9voles par l\u2019entremise de Pro Bono Law Ontario.<\/p>\n<p><strong>Technologie<\/strong><br \/>\nNous avons recours aux derni\u00e8res technologies de l\u2019information dans notre cabinet qui est devenu \u00e0 toutes fins pratiques sans papier. L\u2019utilisation optimis\u00e9e de la technologie rehausse notre efficacit\u00e9, notre souplesse ainsi que les services que nous offrons \u00e0 nos clients.<\/p>\n<p>Auparavant Cavanagh Conway Baxter LLP, Cavanagh LLP est exploit\u00e9e \u00e0 partir d\u2019Ottawa, au Canada.<\/p>\n","protected":false},"excerpt":{"rendered":"<p>Notre vaste exp\u00e9rience et notre imposante expertise nous permettent de traiter les contentieux civils les plus \u00e9labor\u00e9s et les plus complexes. Nous sommes des sp\u00e9cialistes en plaidoirie, mais avant tout en r\u00e9solution de probl\u00e8mes. Nous avons \u00e9t\u00e9 salu\u00e9s par nombre de nos pairs et clients pour notre professionnalisme, notre bon jugement et l\u2019excellence de nos plaidoyers. Nous sommes des leaders<\/p>\n","protected":false},"author":2,"featured_media":0,"parent":0,"menu_order":0,"comment_status":"closed","ping_status":"closed","template":"","meta":{"_monsterinsights_skip_tracking":false,"_monsterinsights_sitenote_active":false,"_monsterinsights_sitenote_note":"","_monsterinsights_sitenote_category":0,"footnotes":""},"class_list":["post-22","page","type-page","status-publish","hentry"],"aioseo_notices":[],"_links":{"self":[{"href":"https:\/\/cavanagh.ca\/fr\/wp-json\/wp\/v2\/pages\/22","targetHints":{"allow":["GET"]}}],"collection":[{"href":"https:\/\/cavanagh.ca\/fr\/wp-json\/wp\/v2\/pages"}],"about":[{"href":"https:\/\/cavanagh.ca\/fr\/wp-json\/wp\/v2\/types\/page"}],"author":[{"embeddable":true,"href":"https:\/\/cavanagh.ca\/fr\/wp-json\/wp\/v2\/users\/2"}],"replies":[{"embeddable":true,"href":"https:\/\/cavanagh.ca\/fr\/wp-json\/wp\/v2\/comments?post=22"}],"version-history":[{"count":24,"href":"https:\/\/cavanagh.ca\/fr\/wp-json\/wp\/v2\/pages\/22\/revisions"}],"predecessor-version":[{"id":1265,"href":"https:\/\/cavanagh.ca\/fr\/wp-json\/wp\/v2\/pages\/22\/revisions\/1265"}],"wp:attachment":[{"href":"https:\/\/cavanagh.ca\/fr\/wp-json\/wp\/v2\/media?parent=22"}],"curies":[{"name":"wp","href":"https:\/\/api.w.org\/{rel}","templated":true}]}}