{"id":24,"date":"2012-06-15T01:47:23","date_gmt":"2012-06-15T01:47:23","guid":{"rendered":"http:\/\/bdockcrew.com\/cavanwp\/?page_id=24"},"modified":"2016-09-12T00:19:20","modified_gmt":"2016-09-12T00:19:20","slug":"notre-expertise","status":"publish","type":"page","link":"https:\/\/cavanagh.ca\/fr\/notre-expertise\/","title":{"rendered":"Notre expertise"},"content":{"rendered":"<p>L\u2019\u00e9quipe Cavanagh a acquis une exp\u00e9rience approfondie et des comp\u00e9tences de pointe dans les domaines suivants\u00a0:<\/p>\n<table width=\"719\" cellspacing=\"0\" cellpadding=\"0\">\n<tbody>\n<tr>\n<td valign=\"top\" width=\"262\">\n<ul>\n<li><a title=\"Droit commercial et droit des soci\u00e9t\u00e9s\" href=\"https:\/\/cavanagh.ca\/fr\/droit-commercial-et-droit-des-societes\">Litiges commerciaux<\/a>\n<ul>\n<li>Restructuration et faillites<\/li>\n<\/ul>\n<p>&nbsp;<\/li>\n<li>\u00a0<a title=\"Assurances et obligations extra-contractuelles\" href=\"https:\/\/cavanagh.ca\/fr\/assurances-et-obligations-extra-contractuelles\">Assurances et d\u00e9lits civils<\/a>\n<ul>\n<li>Risques assur\u00e9s<\/li>\n<\/ul>\n<p>&nbsp;<\/li>\n<li><a title=\"Responsabilit\u00e9 Professionnelle\" href=\"https:\/\/cavanagh.ca\/fr\/responsabilite-professionnelle\">Responsabilit\u00e9 professionnelle <\/a>\n<ul>\n<li>R\u00e9glementation professionnelle<\/li>\n<\/ul>\n<p>&nbsp;<\/li>\n<\/ul>\n<\/td>\n<td valign=\"top\" width=\"451\">\n<ul>\n<li><a title=\"Arbitrage\" href=\"https:\/\/cavanagh.ca\/fr\/arbitrage\">M\u00e9diation et arbitrage<\/a><\/li>\n<\/ul>\n<p>&nbsp;<\/p>\n<ul>\n<li><a title=\"Droit de l\u2019emploi\" href=\"https:\/\/cavanagh.ca\/fr\/droit-de-lemploi\">Droit du travail<\/a><\/li>\n<\/ul>\n<\/td>\n<\/tr>\n<\/tbody>\n<\/table>\n","protected":false},"excerpt":{"rendered":"<p>L\u2019\u00e9quipe Cavanagh a acquis une exp\u00e9rience approfondie et des comp\u00e9tences de pointe dans les domaines suivants\u00a0: Litiges commerciaux Restructuration et faillites &nbsp; \u00a0Assurances et d\u00e9lits civils Risques assur\u00e9s &nbsp; Responsabilit\u00e9 professionnelle R\u00e9glementation professionnelle &nbsp; M\u00e9diation et arbitrage &nbsp; Droit du travail<\/p>\n","protected":false},"author":2,"featured_media":0,"parent":0,"menu_order":0,"comment_status":"closed","ping_status":"closed","template":"","meta":{"_monsterinsights_skip_tracking":false,"_monsterinsights_sitenote_active":false,"_monsterinsights_sitenote_note":"","_monsterinsights_sitenote_category":0,"footnotes":""},"class_list":["post-24","page","type-page","status-publish","hentry"],"aioseo_notices":[],"_links":{"self":[{"href":"https:\/\/cavanagh.ca\/fr\/wp-json\/wp\/v2\/pages\/24","targetHints":{"allow":["GET"]}}],"collection":[{"href":"https:\/\/cavanagh.ca\/fr\/wp-json\/wp\/v2\/pages"}],"about":[{"href":"https:\/\/cavanagh.ca\/fr\/wp-json\/wp\/v2\/types\/page"}],"author":[{"embeddable":true,"href":"https:\/\/cavanagh.ca\/fr\/wp-json\/wp\/v2\/users\/2"}],"replies":[{"embeddable":true,"href":"https:\/\/cavanagh.ca\/fr\/wp-json\/wp\/v2\/comments?post=24"}],"version-history":[{"count":26,"href":"https:\/\/cavanagh.ca\/fr\/wp-json\/wp\/v2\/pages\/24\/revisions"}],"predecessor-version":[{"id":1230,"href":"https:\/\/cavanagh.ca\/fr\/wp-json\/wp\/v2\/pages\/24\/revisions\/1230"}],"wp:attachment":[{"href":"https:\/\/cavanagh.ca\/fr\/wp-json\/wp\/v2\/media?parent=24"}],"curies":[{"name":"wp","href":"https:\/\/api.w.org\/{rel}","templated":true}]}}