{"id":241,"date":"2012-06-21T14:33:30","date_gmt":"2012-06-21T14:33:30","guid":{"rendered":"http:\/\/www.silkwebsolutions.com\/CWCB\/wp\/?page_id=241"},"modified":"2017-05-23T19:10:35","modified_gmt":"2017-05-23T19:10:35","slug":"droit-commercial-et-droit-des-societes","status":"publish","type":"page","link":"https:\/\/cavanagh.ca\/fr\/droit-commercial-et-droit-des-societes\/","title":{"rendered":"Droit commercial et droit des soci\u00e9t\u00e9s"},"content":{"rendered":"<p><span><span>Nos plaideurs d\u2019affaires et commerciaux repr\u00e9sentent et conseillent r\u00e9guli\u00e8rement les clients sur divers aspects du droit commercial, \u00e0 toutes les \u00e9tapes de la proc\u00e9dure. Qu\u2019une action ou une requ\u00eate a \u00e9t\u00e9 pr\u00e9sent\u00e9e, ou d\u00e8s qu\u2019\u00e9merge la possibilit\u00e9 d\u2019un litige, nous pr\u00e9sentons \u00e0 nos clients les diverses options disponibles, les conseillons sur la meilleure strat\u00e9gie pour obtenir les meilleurs r\u00e9sultats juridiques et commerciaux et les repr\u00e9sentons dans l\u2019ex\u00e9cution de la strat\u00e9gie choisie.<\/span><\/span><\/p>\n<p><span><span>Les plaideurs commerciaux de Cavanagh conseillent souvent leurs clients en mati\u00e8re de litige dans les domaines suivants :<\/span><\/span><\/p>\n<table width=\"640\" cellspacing=\"0\" cellpadding=\"0\">\n<tbody>\n<tr>\n<td valign=\"top\" width=\"224\">\n<ul>\n<li><span><span>contrats<\/span><\/span><\/li>\n<li><span><span>emploi<\/span><\/span><\/li>\n<li><span><span>diff\u00e9rends entre les actionnaires<\/span><\/span><\/li>\n<li><span><span>recours en cas d\u2019abus des actionnaires<\/span><\/span><\/li>\n<li><span><span>propri\u00e9t\u00e9 intellectuelle<\/span><\/span><\/li>\n<li><span><span>diff\u00e9rends relatifs aux franchises<\/span><\/span><\/li>\n<\/ul>\n<\/td>\n<td valign=\"top\" width=\"319\">\n<ul>\n<li><span><span>baux<\/span><\/span><\/li>\n<li><span><span>fiducies, concernant des int\u00e9r\u00eats commerciaux et familiaux<\/span><\/span><\/li>\n<li><span><span>insolvabilit\u00e9 et faillites<\/span><\/span><\/li>\n<li><span><span>recours collectifs<\/span><\/span><\/li>\n<li><span><span>offres d\u2019achat d\u2019actions<\/span><\/span><\/li>\n<\/ul>\n<\/td>\n<\/tr>\n<\/tbody>\n<\/table>\n<p><span><span>En outre, nous repr\u00e9sentons nos clients en mati\u00e8re de demandes d\u2019injonction et d\u2019autres proc\u00e9dures exigeant une r\u00e9action contentieuse imm\u00e9diate et coordonn\u00e9e, telles les demandes d\u2019injonction visant le secret commercial, les injonctions Anton Piller ou Mareva et les demandes de mise sous s\u00e9questre.<\/span><\/span><\/p>\n<p><span><span>Nos avocats sont exp\u00e9riment\u00e9s dans la responsabilit\u00e9 du fabricant ainsi que les diff\u00e9rends li\u00e9s aux d\u00e9lits civils et aux marques de commerce.<\/span><\/span><\/p>\n<p><strong><span><span>Restructuration et faillites<\/span><\/span><\/strong><br \/>\n<span>Nos plaideurs ont une vaste exp\u00e9rience des questions li\u00e9es \u00e0 l\u2019insolvabilit\u00e9, aux restructurations et aux faillites. Ils connaissent bien les aspects substantifs et proc\u00e9duraux des actions en justice en vertu de la <em>Loi sur la faillite et l\u2019insolvabilit\u00e9<\/em>, de la <em>Loi sur les arrangements avec les cr\u00e9anciers des compagnies<\/em>, de la <em>Loi sur les s\u00fbret\u00e9s mobili\u00e8res, de la Loi sur les fiduciaires<\/em> et de la <em>Loi sur les liquidations et les restructurations<\/em>.<\/span><\/p>\n<p><span><span>Les plaideurs de Cavanagh repr\u00e9sentent des cr\u00e9anciers garantis, cr\u00e9anciers non garantis, s\u00e9questres, fiduciaires en faillite et entreprises d\u00e9bitrices dans certains des litiges commerciaux et corporatifs les plus complexes d\u2019Ottawa visant des restructurations. Par exemple, nos avocats ont repr\u00e9sent\u00e9 :<\/span><\/span><\/p>\n<ul>\n<li><span><span>Le principal cr\u00e9ancier garanti dans le litige concernant la restructuration du club de hockey des S\u00e9nateurs d\u2019Ottawa<\/span><\/span><\/li>\n<li><span><span>Les propri\u00e9taires am\u00e9ricains d\u2019une grande soci\u00e9t\u00e9 de fabrication d\u2019aliments de sant\u00e9, dans le cadre d\u2019une restructuration en vertu de la <em>Loi sur les arrangements avec les cr\u00e9anciers des compagnies<\/span><\/span><\/em><\/li>\n<li><span><span>Le cr\u00e9ancier garanti et le s\u00e9questre dans la contestation d\u2019une demande de mise sous s\u00e9questre visant un manufacturier de l\u2019Est de l\u2019Ontario<\/span><\/span><\/li>\n<li><span><span>Une compagnie a\u00e9rienne d\u00e9bitrice dans les proc\u00e9dures de faillite en vertu de la <em>Loi sur la faillite et l\u2019insolvabilit\u00e9<\/span><\/span><\/em><\/li>\n<li><span><span>Une entreprise de construction d\u00e9bitrice dans une demande multi-provinciale faite en vertu de la <em>Loi sur les arrangements avec les cr\u00e9anciers des compagnies<\/em> et les n\u00e9gociations ult\u00e9rieures entre les cr\u00e9diteurs et le s\u00e9questre<\/span><\/span><\/li>\n<\/ul>\n<p><span><span>En se fondant sur l\u2019ensemble de leurs connaissances sp\u00e9cialis\u00e9es, les avocats de Cavanagh peuvent assurer efficacement la protection des int\u00e9r\u00eats de leurs clients.<\/span><\/span><\/p>\n<p>&nbsp;<\/p>\n","protected":false},"excerpt":{"rendered":"<p>Nos plaideurs d\u2019affaires et commerciaux repr\u00e9sentent et conseillent r\u00e9guli\u00e8rement les clients sur divers aspects du droit commercial, \u00e0 toutes les \u00e9tapes de la proc\u00e9dure. Qu\u2019une action ou une requ\u00eate a \u00e9t\u00e9 pr\u00e9sent\u00e9e, ou d\u00e8s qu\u2019\u00e9merge la possibilit\u00e9 d\u2019un litige, nous pr\u00e9sentons \u00e0 nos clients les diverses options disponibles, les conseillons sur la meilleure strat\u00e9gie pour obtenir les meilleurs r\u00e9sultats juridiques<\/p>\n","protected":false},"author":2,"featured_media":0,"parent":0,"menu_order":0,"comment_status":"closed","ping_status":"closed","template":"","meta":{"_monsterinsights_skip_tracking":false,"_monsterinsights_sitenote_active":false,"_monsterinsights_sitenote_note":"","_monsterinsights_sitenote_category":0,"footnotes":""},"class_list":["post-241","page","type-page","status-publish","hentry"],"aioseo_notices":[],"_links":{"self":[{"href":"https:\/\/cavanagh.ca\/fr\/wp-json\/wp\/v2\/pages\/241","targetHints":{"allow":["GET"]}}],"collection":[{"href":"https:\/\/cavanagh.ca\/fr\/wp-json\/wp\/v2\/pages"}],"about":[{"href":"https:\/\/cavanagh.ca\/fr\/wp-json\/wp\/v2\/types\/page"}],"author":[{"embeddable":true,"href":"https:\/\/cavanagh.ca\/fr\/wp-json\/wp\/v2\/users\/2"}],"replies":[{"embeddable":true,"href":"https:\/\/cavanagh.ca\/fr\/wp-json\/wp\/v2\/comments?post=241"}],"version-history":[{"count":36,"href":"https:\/\/cavanagh.ca\/fr\/wp-json\/wp\/v2\/pages\/241\/revisions"}],"predecessor-version":[{"id":1233,"href":"https:\/\/cavanagh.ca\/fr\/wp-json\/wp\/v2\/pages\/241\/revisions\/1233"}],"wp:attachment":[{"href":"https:\/\/cavanagh.ca\/fr\/wp-json\/wp\/v2\/media?parent=241"}],"curies":[{"name":"wp","href":"https:\/\/api.w.org\/{rel}","templated":true}]}}