{"id":251,"date":"2012-06-21T14:39:34","date_gmt":"2012-06-21T14:39:34","guid":{"rendered":"http:\/\/www.silkwebsolutions.com\/CWCB\/wp\/?page_id=251"},"modified":"2017-05-23T19:10:27","modified_gmt":"2017-05-23T19:10:27","slug":"assurances-et-obligation-extra-contractuelles","status":"publish","type":"page","link":"https:\/\/cavanagh.ca\/fr\/assurances-et-obligation-extra-contractuelles\/","title":{"rendered":"Assurances et obligations extra-contractuelles"},"content":{"rendered":"<p>Cavanagh agit au nom de nombreux assureurs de biens et assureurs de risques divers. Ils nous choisissent pour repr\u00e9senter leurs garanties (individus et entit\u00e9s commerciales) ou les assureurs m\u00eames dans divers types de litiges, y compris les plaintes pour dommages corporels et mat\u00e9riels, responsabilit\u00e9 du fait des produits, subrogation, assurances commerciales, accidents de la route, responsabilit\u00e9 de l\u2019occupant et litiges de la construction.<\/p>\n<p>Nous repr\u00e9sentons aussi les individus dans des litiges visant des demandes aupr\u00e8s d\u2019assureurs qui ne sont pas nos clients.<\/p>\n<p align=\"left\"><strong>Risques assur\u00e9s<\/strong><br \/>\nLe cabinet re\u00e7oit des demandes de consultation, et ses avocats ont agi \u00e0 titre de conseillers juridiques pour certaines des d\u00e9cisions les plus connues de la Cour sup\u00e9rieure et de la Cour d\u2019appel f\u00e9d\u00e9rale. <a title=\"J. Stephen Cavanagh\" href=\"http:\/\/www.cavanagh.ca\/j-stephen-cavanagh\/\" target=\"_blank\">Stephen Cavanagh<\/a> fait partie d\u2019un groupe restreint d\u2019avocats ontariens pouvant donner des conseils sur l\u2019assurance responsabilit\u00e9 professionnelle aux avocats.<\/p>\n<p>&nbsp;<\/p>\n","protected":false},"excerpt":{"rendered":"<p>Cavanagh agit au nom de nombreux assureurs de biens et assureurs de risques divers. Ils nous choisissent pour repr\u00e9senter leurs garanties (individus et entit\u00e9s commerciales) ou les assureurs m\u00eames dans divers types de litiges, y compris les plaintes pour dommages corporels et mat\u00e9riels, responsabilit\u00e9 du fait des produits, subrogation, assurances commerciales, accidents de la route, responsabilit\u00e9 de l\u2019occupant et litiges<\/p>\n","protected":false},"author":2,"featured_media":0,"parent":0,"menu_order":0,"comment_status":"closed","ping_status":"closed","template":"","meta":{"_monsterinsights_skip_tracking":false,"_monsterinsights_sitenote_active":false,"_monsterinsights_sitenote_note":"","_monsterinsights_sitenote_category":0,"footnotes":""},"class_list":["post-251","page","type-page","status-publish","hentry"],"aioseo_notices":[],"_links":{"self":[{"href":"https:\/\/cavanagh.ca\/fr\/wp-json\/wp\/v2\/pages\/251","targetHints":{"allow":["GET"]}}],"collection":[{"href":"https:\/\/cavanagh.ca\/fr\/wp-json\/wp\/v2\/pages"}],"about":[{"href":"https:\/\/cavanagh.ca\/fr\/wp-json\/wp\/v2\/types\/page"}],"author":[{"embeddable":true,"href":"https:\/\/cavanagh.ca\/fr\/wp-json\/wp\/v2\/users\/2"}],"replies":[{"embeddable":true,"href":"https:\/\/cavanagh.ca\/fr\/wp-json\/wp\/v2\/comments?post=251"}],"version-history":[{"count":25,"href":"https:\/\/cavanagh.ca\/fr\/wp-json\/wp\/v2\/pages\/251\/revisions"}],"predecessor-version":[{"id":1138,"href":"https:\/\/cavanagh.ca\/fr\/wp-json\/wp\/v2\/pages\/251\/revisions\/1138"}],"wp:attachment":[{"href":"https:\/\/cavanagh.ca\/fr\/wp-json\/wp\/v2\/media?parent=251"}],"curies":[{"name":"wp","href":"https:\/\/api.w.org\/{rel}","templated":true}]}}