{"id":255,"date":"2012-06-21T14:43:02","date_gmt":"2012-06-21T14:43:02","guid":{"rendered":"http:\/\/www.silkwebsolutions.com\/CWCB\/wp\/?page_id=255"},"modified":"2017-05-23T19:10:21","modified_gmt":"2017-05-23T19:10:21","slug":"responsabilite-professionnelle","status":"publish","type":"page","link":"https:\/\/cavanagh.ca\/fr\/responsabilite-professionnelle\/","title":{"rendered":"Responsabilit\u00e9 professionnelle"},"content":{"rendered":"<p>Un grand nombre de nos avocats consacrent une grande partie de leur temps \u00e0 d\u00e9fendre des professionnels faisant l\u2019objet de plaintes.<\/p>\n<p>Nous repr\u00e9sentons les assureurs et les associations professionnelles qui d\u00e9fendent des avocats, m\u00e9decins, dentistes, infirmi\u00e8res, comptables, ing\u00e9nieurs et architectes.<\/p>\n<p>Nous connaissons \u00e0 fond les questions de la norme de diligence et de causalit\u00e9 puisque nous abordons ces questions quotidiennement. Nous connaissons la frustration que peut causer une plainte frivole contre un professionnel. Nous savons que tout professionnel tient \u00e0 maintenir sa bonne r\u00e9putation. Comme avocats, nous comprenons le sens de la confidentialit\u00e9 tout en \u00e9tant conscients du stress que peuvent causer les poursuites de responsabilit\u00e9 professionnelle, et faisons tout en notre pouvoir pour faire preuve de la plus grande sensibilit\u00e9 aux pr\u00e9occupations de nos clients en mati\u00e8re de confidentialit\u00e9.<\/p>\n<p>Dans certaines situations, nous encourageons et facilitons le r\u00e8glement rapide des plaintes gr\u00e2ce \u00e0 des motions, \u00e0 des m\u00e9diations et \u00e0 la bonne vieille m\u00e9thode des n\u00e9gociations t\u00e9l\u00e9phoniques qui a fait ses preuves. Si le r\u00e8glement \u00e0 l\u2019amiable n\u2019est pas souhait\u00e9 ou est impossible , nous d\u00e9fendons nos clients devant le tribunal et sommes fiers des performances en cour de notre cabinet.<\/p>\n<p><strong>R\u00e9glementation professionnelle<\/strong><br \/>\nNous repr\u00e9sentons des professionnels : avocats, m\u00e9decins, psychologues, infirmi\u00e8res, massoth\u00e9rapeutes et v\u00e9t\u00e9rinaires devant leurs organisations professionnelles.<\/p>\n<p>Nous aidons nos clients \u00e0 r\u00e9agir aux plaintes de leurs clients ou de leurs patients. Nous les conseillons sur les enqu\u00eates et les repr\u00e9sentons aux audiences et lors des appels.<\/p>\n<p>En outre, nous conseillons les professionnels devant leurs organisations professionnelles et intervenons lorsqu\u2019ils croient devoir faire face \u00e0 des questions \u00e9thiques ou de conduite professionnelle.<\/p>\n","protected":false},"excerpt":{"rendered":"<p>Un grand nombre de nos avocats consacrent une grande partie de leur temps \u00e0 d\u00e9fendre des professionnels faisant l\u2019objet de plaintes. Nous repr\u00e9sentons les assureurs et les associations professionnelles qui d\u00e9fendent des avocats, m\u00e9decins, dentistes, infirmi\u00e8res, comptables, ing\u00e9nieurs et architectes. Nous connaissons \u00e0 fond les questions de la norme de diligence et de causalit\u00e9 puisque nous abordons ces questions quotidiennement.<\/p>\n","protected":false},"author":2,"featured_media":0,"parent":0,"menu_order":0,"comment_status":"open","ping_status":"closed","template":"","meta":{"_monsterinsights_skip_tracking":false,"_monsterinsights_sitenote_active":false,"_monsterinsights_sitenote_note":"","_monsterinsights_sitenote_category":0,"footnotes":""},"class_list":["post-255","page","type-page","status-publish","hentry"],"aioseo_notices":[],"_links":{"self":[{"href":"https:\/\/cavanagh.ca\/fr\/wp-json\/wp\/v2\/pages\/255","targetHints":{"allow":["GET"]}}],"collection":[{"href":"https:\/\/cavanagh.ca\/fr\/wp-json\/wp\/v2\/pages"}],"about":[{"href":"https:\/\/cavanagh.ca\/fr\/wp-json\/wp\/v2\/types\/page"}],"author":[{"embeddable":true,"href":"https:\/\/cavanagh.ca\/fr\/wp-json\/wp\/v2\/users\/2"}],"replies":[{"embeddable":true,"href":"https:\/\/cavanagh.ca\/fr\/wp-json\/wp\/v2\/comments?post=255"}],"version-history":[{"count":16,"href":"https:\/\/cavanagh.ca\/fr\/wp-json\/wp\/v2\/pages\/255\/revisions"}],"predecessor-version":[{"id":1252,"href":"https:\/\/cavanagh.ca\/fr\/wp-json\/wp\/v2\/pages\/255\/revisions\/1252"}],"wp:attachment":[{"href":"https:\/\/cavanagh.ca\/fr\/wp-json\/wp\/v2\/media?parent=255"}],"curies":[{"name":"wp","href":"https:\/\/api.w.org\/{rel}","templated":true}]}}