{"id":257,"date":"2012-06-21T14:43:55","date_gmt":"2012-06-21T14:43:55","guid":{"rendered":"http:\/\/www.silkwebsolutions.com\/CWCB\/wp\/?page_id=257"},"modified":"2017-05-23T19:10:12","modified_gmt":"2017-05-23T19:10:12","slug":"arbitrage","status":"publish","type":"page","link":"https:\/\/cavanagh.ca\/fr\/arbitrage\/","title":{"rendered":"M\u00e9diation et arbitrage"},"content":{"rendered":"<p><a title=\"J. Stephen Cavanagh\" href=\"http:\/\/www.cavanagh.ca\/j-stephen-cavanagh\/\" target=\"_blank\">Stephen Cavanagh<\/a> dirige la pratique de M\u00e9diation et d\u2019arbitrage et a agi \u00e0 titre de m\u00e9diateur et d\u2019arbitre dans des litiges civils, principalement en mati\u00e8re commerciale et d\u2019assurance.<\/p>\n<p>\u00c9tant donn\u00e9 que Steve a une client\u00e8le consid\u00e9rable, aucuns frais d\u2019annulation ne sont charg\u00e9s \u00e0 ceux qui retiennent ses services d\u2019arbitre ou de m\u00e9diateur, dans le cas o\u00f9 le diff\u00e9rend est r\u00e9solu.<\/p>\n<p>&nbsp;<\/p>\n<p>&nbsp;<\/p>\n<p>&nbsp;<\/p>\n<p>&nbsp;<\/p>\n<p>&nbsp;<\/p>\n<p>&nbsp;<\/p>\n","protected":false},"excerpt":{"rendered":"<p>Stephen Cavanagh dirige la pratique de M\u00e9diation et d\u2019arbitrage et a agi \u00e0 titre de m\u00e9diateur et d\u2019arbitre dans des litiges civils, principalement en mati\u00e8re commerciale et d\u2019assurance. \u00c9tant donn\u00e9 que Steve a une client\u00e8le consid\u00e9rable, aucuns frais d\u2019annulation ne sont charg\u00e9s \u00e0 ceux qui retiennent ses services d\u2019arbitre ou de m\u00e9diateur, dans le cas o\u00f9 le diff\u00e9rend est r\u00e9solu.<\/p>\n","protected":false},"author":2,"featured_media":0,"parent":0,"menu_order":0,"comment_status":"closed","ping_status":"closed","template":"","meta":{"_monsterinsights_skip_tracking":false,"_monsterinsights_sitenote_active":false,"_monsterinsights_sitenote_note":"","_monsterinsights_sitenote_category":0,"footnotes":""},"class_list":["post-257","page","type-page","status-publish","hentry"],"aioseo_notices":[],"_links":{"self":[{"href":"https:\/\/cavanagh.ca\/fr\/wp-json\/wp\/v2\/pages\/257","targetHints":{"allow":["GET"]}}],"collection":[{"href":"https:\/\/cavanagh.ca\/fr\/wp-json\/wp\/v2\/pages"}],"about":[{"href":"https:\/\/cavanagh.ca\/fr\/wp-json\/wp\/v2\/types\/page"}],"author":[{"embeddable":true,"href":"https:\/\/cavanagh.ca\/fr\/wp-json\/wp\/v2\/users\/2"}],"replies":[{"embeddable":true,"href":"https:\/\/cavanagh.ca\/fr\/wp-json\/wp\/v2\/comments?post=257"}],"version-history":[{"count":18,"href":"https:\/\/cavanagh.ca\/fr\/wp-json\/wp\/v2\/pages\/257\/revisions"}],"predecessor-version":[{"id":1146,"href":"https:\/\/cavanagh.ca\/fr\/wp-json\/wp\/v2\/pages\/257\/revisions\/1146"}],"wp:attachment":[{"href":"https:\/\/cavanagh.ca\/fr\/wp-json\/wp\/v2\/media?parent=257"}],"curies":[{"name":"wp","href":"https:\/\/api.w.org\/{rel}","templated":true}]}}