{"id":267,"date":"2012-06-21T15:15:44","date_gmt":"2012-06-21T15:15:44","guid":{"rendered":"http:\/\/www.silkwebsolutions.com\/CWCB\/wp\/?page_id=267"},"modified":"2017-05-23T19:09:58","modified_gmt":"2017-05-23T19:09:58","slug":"employment-law","status":"publish","type":"page","link":"https:\/\/cavanagh.ca\/fr\/employment-law\/","title":{"rendered":"Droit de l\u2019emploi"},"content":{"rendered":"<p>Nos avocats peuvent repr\u00e9senter l\u2019employeur ou l\u2019employ\u00e9.<\/p>\n<p>Nous donnons souvent des conseils et repr\u00e9sentons des clients sur certaines questions portant entre autres sur les aspects suivants\u00a0:<\/p>\n<ul>\n<li>Contrats de travail<\/li>\n<li>Forfaits de cessation d\u2019emploi<\/li>\n<li>Cong\u00e9diements injustifi\u00e9s et d\u00e9guis\u00e9s<\/li>\n<li>Questions de droits de la personne<\/li>\n<li>Questions d\u00e9coulant de la <em>Loi sur les normes d\u2019emploi <\/em>de l\u2019Ontario (2000) et la <em>Loi sur l\u2019assurance emploi <\/em>du Canada.<\/li>\n<\/ul>\n<p>Au nom des employeurs, nous pr\u00e9parons et modifions des politiques d\u2019emploi et pouvons mener des enqu\u00eates sur les lieux de travail.<\/p>\n<p>Lorsque nous aidons un employ\u00e9, nous lui apportons tous les services de n\u00e9gociation et de litige n\u00e9cessaires, qu\u2019il soit sur le point d\u2019entrer en poste ou qu\u2019il vienne de quitter ou de perdre son emploi.<\/p>\n","protected":false},"excerpt":{"rendered":"<p>Nos avocats peuvent repr\u00e9senter l\u2019employeur ou l\u2019employ\u00e9. Nous donnons souvent des conseils et repr\u00e9sentons des clients sur certaines questions portant entre autres sur les aspects suivants\u00a0: Contrats de travail Forfaits de cessation d\u2019emploi Cong\u00e9diements injustifi\u00e9s et d\u00e9guis\u00e9s Questions de droits de la personne Questions d\u00e9coulant de la Loi sur les normes d\u2019emploi de l\u2019Ontario (2000) et la Loi sur l\u2019assurance<\/p>\n","protected":false},"author":2,"featured_media":0,"parent":0,"menu_order":0,"comment_status":"closed","ping_status":"closed","template":"","meta":{"_monsterinsights_skip_tracking":false,"_monsterinsights_sitenote_active":false,"_monsterinsights_sitenote_note":"","_monsterinsights_sitenote_category":0,"footnotes":""},"class_list":["post-267","page","type-page","status-publish","hentry"],"aioseo_notices":[],"_links":{"self":[{"href":"https:\/\/cavanagh.ca\/fr\/wp-json\/wp\/v2\/pages\/267","targetHints":{"allow":["GET"]}}],"collection":[{"href":"https:\/\/cavanagh.ca\/fr\/wp-json\/wp\/v2\/pages"}],"about":[{"href":"https:\/\/cavanagh.ca\/fr\/wp-json\/wp\/v2\/types\/page"}],"author":[{"embeddable":true,"href":"https:\/\/cavanagh.ca\/fr\/wp-json\/wp\/v2\/users\/2"}],"replies":[{"embeddable":true,"href":"https:\/\/cavanagh.ca\/fr\/wp-json\/wp\/v2\/comments?post=267"}],"version-history":[{"count":14,"href":"https:\/\/cavanagh.ca\/fr\/wp-json\/wp\/v2\/pages\/267\/revisions"}],"predecessor-version":[{"id":1144,"href":"https:\/\/cavanagh.ca\/fr\/wp-json\/wp\/v2\/pages\/267\/revisions\/1144"}],"wp:attachment":[{"href":"https:\/\/cavanagh.ca\/fr\/wp-json\/wp\/v2\/media?parent=267"}],"curies":[{"name":"wp","href":"https:\/\/api.w.org\/{rel}","templated":true}]}}