{"id":559,"date":"2012-06-22T20:55:56","date_gmt":"2012-06-22T20:55:56","guid":{"rendered":"http:\/\/www.silkwebsolutions.com\/CWCB\/wp\/our-commitment-4\/"},"modified":"2016-09-12T00:18:47","modified_gmt":"2016-09-12T00:18:47","slug":"gestion","status":"publish","type":"page","link":"https:\/\/cavanagh.ca\/fr\/gestion\/","title":{"rendered":"Gestion"},"content":{"rendered":"<p>Pour tout renseignement relatif \u00e0 l\u2019administration du cabinet ou aux demandes d\u2019emploi, y compris programme d\u2019emploi pour \u00e9tudiants, veuillez contacter :<\/p>\n<table width=\"532\" border=\"0\">\n<tbody>\n<tr>\n<td rowspan=\"2\" valign=\"top\" width=\"119\"><a href=\"https:\/\/cavanagh.ca\/fr\/wp-content\/uploads\/2012\/06\/Rachel-Robert.jpg\"><img loading=\"lazy\" decoding=\"async\" class=\"alignleft size-full wp-image-762\" title=\"Rachel-Robert\" src=\"https:\/\/cavanagh.ca\/fr\/wp-content\/uploads\/2012\/06\/Rachel-Robert.jpg\" alt=\"\" width=\"119\" height=\"119\" border=\"0\" \/><\/a><\/td>\n<td valign=\"top\" width=\"403\">Rachel Robert,<br \/>\nGestionnaire du cabinet<br \/>\nT\u00e9l. : 613-780-2018<br \/>\nT\u00e9l\u00e9c.: 613-569-8668<br \/>\nCourriel: <a href=\"mailto:rrobert@cavanagh.ca\">rrobert@cavanagh.ca<\/a><\/td>\n<\/tr>\n<tr>\n<td valign=\"top\"><a href=\"http:\/\/www.cavanagh.ca\/wp-content\/uploads\/2012\/06\/Rachel-Robert.vcf\"><img loading=\"lazy\" decoding=\"async\" class=\"alignleft size-full wp-image-782\" title=\"T\u00e9l\u00e9charger ma vcard\" src=\"https:\/\/cavanagh.ca\/fr\/wp-content\/uploads\/2012\/06\/vcard.jpg\" alt=\"\" width=\"46\" height=\"22\" border=\"0\" \/><\/a><\/td>\n<\/tr>\n<\/tbody>\n<\/table>\n<p>&nbsp;<\/p>\n<p>&nbsp;<\/p>\n<p>&nbsp;<\/p>\n<p>&nbsp;<\/p>\n<p>&nbsp;<\/p>\n<p>&nbsp;<\/p>\n<p>&nbsp;<\/p>\n<div id=\"confirm\">\n            <div class=\"header\"><span>Internet Communication<\/span><\/div>\n                <div class=\"message\">\n\n                    <center><img decoding=\"async\" src=\"https:\/\/www.cavanagh.ca\/wp-content\/themes\/cavanagh\/images\/logo.jpg\"><\/center>\n                    <br><br>\n\n                    <strong style=\"color:#4db848;\">Non-confidentialit\u00e9 des communications<\/strong><br>\n                    Cavanagh Williams LLP est heureux d\u2019avoir l\u2019occasion de communiquer avec vous par l\u2019Internet. N\u00e9anmoins, veuillez noter que notre cabinet ne peut pas garantir la protection et confidentialit\u00e9 de toute communication faite par l\u2019Internet. Nous ne pouvons pas garantir que les donn\u00e9es transmises par l\u2019Internet ne seront pas intercept\u00e9es par des tiers lors du transfert. Si vous voulez fournir des donn\u00e9es de nature sensible ou confidentielle \u00e0 un membre de notre cabinet, veuillez communiquer avec ce membre directement par t\u00e9l\u00e9phone.\n                    <br><br>\n\n                    <strong style=\"color:#4db848;\">Responsabilit\u00e9 limit\u00e9e<\/strong><br>\n                    <strong>Transmission de donn\u00e9es<\/strong><br>\n                    Si vous choisissez de transmettre des donn\u00e9es de nature sensible ou confidentielle par l\u2019entremise de ce site Web, vous le faites \u00e0 vos propres risques. Dans la mesure maximale permise par la loi, en aucune circonstance Cavanagh Williams LLP ne sera responsable de tous dommages directs, indirects, exemplaires, accessoires, sp\u00e9ciaux ou cons\u00e9cutifs, qu\u2019ils soient pr\u00e9visibles ou non, y inclus des dommages-int\u00e9r\u00eats, pertes de profit, pertes de revenu, pertes d\u2019occasions d\u2019affaires, retards ou impossibilit\u00e9 d\u2019utilisation du site, la prestation ou le d\u00e9faut de prester des services, des erreurs, omissions, interruptions, suppression ou corruption des fichiers, d\u00e9fauts, retards de pr\u00e9paration ou transmission. Cette d\u00e9charge s\u2019applique que la responsabilit\u00e9 all\u00e9gu\u00e9e repose sur une cause d\u2019action contractuelle, d\u00e9lictuelle, de responsabilit\u00e9 stricte ou toute autre cause d\u2019action li\u00e9e \u00e0 l\u2019utilisation de ce site, m\u00eame si l'\u00e9ventualit\u00e9 d'un tel dommage a fait l'objet d'un avertissement.\n                    <br><br>\n\n                    <strong style=\"color:#4db848;\">Aucune relation avocat-client<\/strong><br>\n                    Si vous choisissez de communiquer avec nous par l\u2019Internet, ce fait ne cr\u00e9e pas de relation avocat-client avec notre cabinet sauf accord expr\u00e8s de Cavanagh Williams LLP\n                    <br>\n\n                    <div style=\"border-top:1px solid #d1d1d1;margin-top:15px;margin-bottom:15px;\"><\/div>\n\n                    <br>\n                    Si vous acceptez les modalit\u00e9s d\u2019utilisation susmentionn\u00e9es, veuillez s\u00e9lectionner \u00ab J\u2019accepte \u00bb :\n\n                <\/div>\n                <div class=\"buttons\">\n                    <div style=\"width: 135px;\" class=\"no simplemodal-close\">Je n\u2019accepte pas<\/div><div class=\"yes\">J\u2019accepte<\/div>\n                <\/div>\n            <br><br>\n        <\/div>","protected":false},"excerpt":{"rendered":"<p>Pour tout renseignement relatif \u00e0 l\u2019administration du cabinet ou aux demandes d\u2019emploi, y compris programme d\u2019emploi pour \u00e9tudiants, veuillez contacter : Rachel Robert, Gestionnaire du cabinet T\u00e9l. : 613-780-2018 T\u00e9l\u00e9c.: 613-569-8668 Courriel: rrobert@cavanagh.ca &nbsp; &nbsp; &nbsp; &nbsp; &nbsp; &nbsp; &nbsp; Internet Communication Non-confidentialit\u00e9 des communications Cavanagh Williams LLP est heureux d\u2019avoir l\u2019occasion de communiquer avec vous par l\u2019Internet. N\u00e9anmoins, veuillez<\/p>\n","protected":false},"author":2,"featured_media":0,"parent":0,"menu_order":0,"comment_status":"closed","ping_status":"closed","template":"","meta":{"_monsterinsights_skip_tracking":false,"_monsterinsights_sitenote_active":false,"_monsterinsights_sitenote_note":"","_monsterinsights_sitenote_category":0,"footnotes":""},"class_list":["post-559","page","type-page","status-publish","hentry"],"aioseo_notices":[],"_links":{"self":[{"href":"https:\/\/cavanagh.ca\/fr\/wp-json\/wp\/v2\/pages\/559","targetHints":{"allow":["GET"]}}],"collection":[{"href":"https:\/\/cavanagh.ca\/fr\/wp-json\/wp\/v2\/pages"}],"about":[{"href":"https:\/\/cavanagh.ca\/fr\/wp-json\/wp\/v2\/types\/page"}],"author":[{"embeddable":true,"href":"https:\/\/cavanagh.ca\/fr\/wp-json\/wp\/v2\/users\/2"}],"replies":[{"embeddable":true,"href":"https:\/\/cavanagh.ca\/fr\/wp-json\/wp\/v2\/comments?post=559"}],"version-history":[{"count":41,"href":"https:\/\/cavanagh.ca\/fr\/wp-json\/wp\/v2\/pages\/559\/revisions"}],"predecessor-version":[{"id":1231,"href":"https:\/\/cavanagh.ca\/fr\/wp-json\/wp\/v2\/pages\/559\/revisions\/1231"}],"wp:attachment":[{"href":"https:\/\/cavanagh.ca\/fr\/wp-json\/wp\/v2\/media?parent=559"}],"curies":[{"name":"wp","href":"https:\/\/api.w.org\/{rel}","templated":true}]}}